{"id":59,"date":"2025-12-19T08:27:15","date_gmt":"2025-12-19T07:27:15","guid":{"rendered":"http:\/\/192.168.1.244\/index.php\/home\/"},"modified":"2026-02-28T13:55:45","modified_gmt":"2026-02-28T12:55:45","slug":"home","status":"publish","type":"page","link":"https:\/\/personal-it.ch\/","title":{"rendered":"Home"},"content":{"rendered":"\n    \n    <section class=\"u-clearfix u-white u-section-2\" id=\"carousel_d416\">\n      <div class=\"data-layout-selected u-clearfix u-gutter-0 u-layout-wrap u-layout-wrap-1\">\n        <div class=\"u-gutter-0 u-layout\">\n          <div class=\"u-layout-row\">\n            <div class=\"u-align-left u-container-style u-layout-cell u-size-27 u-layout-cell-1\">\n              <div class=\"u-container-layout u-valign-middle u-container-layout-1\">\n                <h2 class=\"u-align-left u-text u-text-1\">Votre informatique, sans aucune limite<\/h2>\n                <div class=\"u-align-left u-border-1 u-border-grey-25 u-line u-line-horizontal u-line-1\"><\/div>\n                <p class=\"u-text u-text-2\">Que vous soyez une entreprise individuelle ou un particulier, la solution informatique dont vous avez envie et qui correspond \u00e0 votre besoin\u2026<\/p>\n                <a href=\"http:\/\/192.168.1.244\/index.php\/services\/\" class=\"u-border-0 u-link u-text-palette-1-base u-link-1\">Plus d'informations\u2026<\/a>\n              <\/div>\n            <\/div>\n            <div class=\"u-align-right u-container-style u-image u-layout-cell u-size-33 u-image-1\" data-image-width=\"1920\" data-image-height=\"740\" style=\"background-image: url(&quot;https:\/\/personal-it.ch\/wp-content\/uploads\/2025\/12\/apple-business_hero.png&quot;);\">\n              <div class=\"u-container-layout u-container-layout-2\"><\/div>\n            <\/div>\n          <\/div>\n        <\/div>\n      <\/div>\n    <\/section>\n    <section class=\"u-clearfix u-image u-shading u-valign-middle u-section-3\" id=\"carousel_1574\" style=\"background-image: linear-gradient(0deg, rgba(0, 0, 0, 0.45), rgba(0, 0, 0, 0.45)), url(&quot;np:\/\/user.desktop.nicepage.com\/Site_6172918\/images\/504b66d39334889977bdeed0714a7c66.jpeg?rand=2c3b&quot;);\">\n      <div class=\"u-custom-color-1 u-expanded-height u-shape u-shape-rectangle u-shape-1\"><\/div>\n      <div class=\"data-layout-selected u-clearfix u-gutter-0 u-layout-wrap u-layout-wrap-1\">\n        <div class=\"u-layout\">\n          <div class=\"u-layout-row\">\n            <div class=\"u-size-23 u-size-60-md\">\n              <div class=\"u-layout-col\">\n                <div class=\"u-container-style u-layout-cell u-left-cell u-similar-fill u-size-60 u-layout-cell-1\">\n                  <div class=\"u-container-layout u-valign-middle\">\n                    <h2 class=\"u-text u-text-1\">L'informatique, sans compromis<\/h2>\n                    <div class=\"u-border-5 u-border-palette-1-base u-line u-line-horizontal u-line-1\"><\/div>\n                    <p class=\"u-text u-text-2\"> Que ce soit pour du conseil, des formations, du coaching, des ateliers, une gestion globale et centralis\u00e9e, forts de notre exp\u00e9rience et de notre expertise dans le domaine Apple (macOS, iOS, iPadOS, watchOS et tvOS), nous serons les plus \u00e0 m\u00eame de vous accompagner.<\/p>\n                    <a href=\"http:\/\/192.168.1.244\/index.php\/services\/\" class=\"u-btn u-btn-round u-button-style u-radius u-btn-1\">En savoir plus\u2026<\/a>\n                  <\/div>\n                <\/div>\n              <\/div>\n            <\/div>\n            <div class=\"u-size-37 u-size-60-md\">\n              <div class=\"u-layout-col\">\n                <div class=\"u-size-30\">\n                  <div class=\"u-layout-row\">\n                    <div class=\"u-container-style u-layout-cell u-opacity u-opacity-90 u-radius u-shape-round u-size-30 u-white u-layout-cell-2\">\n                      <div class=\"u-container-layout u-container-layout-2\"><span class=\"u-align-center u-file-icon u-icon u-icon-circle u-palette-1-base u-text-white u-icon-1\"><img decoding=\"async\" src=\"https:\/\/personal-it.ch\/wp-content\/uploads\/2025\/12\/cb1753bc.png\" alt=\"\"><\/span>\n                        <h5 class=\"u-align-center u-text u-text-3\">Conseils<\/h5>\n                        <p class=\"u-align-center u-text u-text-4\">Des questions, des interrogations, besoin d'\u00eatre orient\u00e9 et conseill\u00e9, r\u00e9pondre \u00e0 vos peurs, sans aucun engagement et aucune obligation<\/p>\n                      <\/div>\n                    <\/div>\n                    <div class=\"u-container-style u-layout-cell u-opacity u-opacity-90 u-radius u-right-cell u-shape-round u-similar-fill u-size-30 u-white u-layout-cell-3\">\n                      <div class=\"u-container-layout u-container-layout-3\"><span class=\"u-file-icon u-icon u-icon-circle u-palette-1-base u-text-white u-icon-2\"><img decoding=\"async\" src=\"https:\/\/personal-it.ch\/wp-content\/uploads\/2025\/12\/01933402.png\" alt=\"\"><\/span>\n                        <h5 class=\"u-align-center u-custom-font u-heading-font u-text u-text-5\">Gestion des \u00e9quipements<\/h5>\n                        <p class=\"u-align-center u-text u-text-6\"> Avec un r\u00e9seau de qualit\u00e9 et via une gestion adapt\u00e9 \u00e0 votre besoin et votre taille, la gestion globale de vos appareils se fera en quelques clics et n'aura plus de secret pour vous<\/p>\n                      <\/div>\n                    <\/div>\n                  <\/div>\n                <\/div>\n                <div class=\"u-size-30\">\n                  <div class=\"u-layout-row\">\n                    <div class=\"u-container-style u-layout-cell u-opacity u-opacity-90 u-radius u-shape-round u-similar-fill u-size-30 u-white u-layout-cell-4\">\n                      <div class=\"u-container-layout u-container-layout-4\"><span class=\"u-file-icon u-icon u-icon-circle u-palette-1-base u-text-white u-icon-3\"><img decoding=\"async\" src=\"https:\/\/personal-it.ch\/wp-content\/uploads\/2025\/12\/c68cfc20.png\" alt=\"\"><\/span>\n                        <h5 class=\"u-align-center u-custom-font u-heading-font u-text u-text-7\">Formation \/ Atelier<\/h5>\n                        <p class=\"u-align-center u-text u-text-8\">Seul ou \u00e0 plusieurs, formation, coaching, conseils, tips, autour d'atelier permet de mieux maitriser les outils qui nous entourent<\/p>\n                      <\/div>\n                    <\/div>\n                    <div class=\"u-align-center u-container-style u-layout-cell u-opacity u-opacity-90 u-radius u-right-cell u-shape-round u-similar-fill u-size-30 u-white u-layout-cell-5\">\n                      <div class=\"u-container-layout u-container-layout-5\"><span class=\"u-file-icon u-icon u-icon-circle u-palette-1-base u-text-white u-icon-4\"><img decoding=\"async\" src=\"https:\/\/personal-it.ch\/wp-content\/uploads\/2025\/12\/c9afd94e.png\" alt=\"\"><\/span>\n                        <h5 class=\"u-custom-font u-heading-font u-text u-text-9\">Support<\/h5>\n                        <p class=\"u-text u-text-10\">Pour une aide temporaire ou longue dur\u00e9e, sur des probl\u00e9matiques minimes ou majeures, \u00e9couter, comprendre et r\u00e9soudre sont des priorit\u00e9s<\/p>\n                      <\/div>\n                    <\/div>\n                  <\/div>\n                <\/div>\n              <\/div>\n            <\/div>\n          <\/div>\n        <\/div>\n      <\/div>\n    <\/section>\n    <section class=\"u-clearfix u-white u-section-4\" id=\"carousel_95f4\">\n      <div class=\"u-clearfix u-sheet u-valign-middle-md u-sheet-1\">\n        <div class=\"u-align-left u-left-0 u-palette-1-base u-radius u-shape u-shape-round u-shape-1\"><\/div>\n        <img decoding=\"async\" src=\"https:\/\/personal-it.ch\/wp-content\/uploads\/2025\/12\/yduche.jpg\" class=\"u-align-left u-image u-image-round u-radius u-image-1\" data-image-width=\"1500\" data-image-height=\"1500\">\n        <div class=\"u-container-style u-group u-group-1\">\n          <div class=\"u-container-layout u-valign-middle u-container-layout-1\">\n            <h2 class=\"u-text u-text-1\">Qui suis-je ?<\/h2>\n            <div class=\"u-border-5 u-border-palette-1-base u-line u-line-horizontal u-line-1\"><\/div>\n            <p class=\"u-text u-text-2\"> Personal IT by DUCH\u00c9 est avant tout, une entreprise cr\u00e9\u00e9e par Yohann DUCH\u00c9, car derri\u00e8re chaque entit\u00e9, il y a des humains.<\/p>\n            <a href=\"http:\/\/192.168.1.244\/index.php\/about\/\" class=\"u-btn u-btn-round u-button-style u-radius u-btn-1\">Mon histoire\u2026<\/a>\n          <\/div>\n        <\/div>\n      <\/div>\n    <\/section>\n    <section class=\"u-clearfix u-image u-shading u-section-5\" data-image-width=\"1980\" data-image-height=\"720\" id=\"carousel_48e2\" style=\"background-image: linear-gradient(0deg, rgba(41, 51, 50, 0.6), rgba(41, 51, 50, 0.6)), url(&quot;np:\/\/user.desktop.nicepage.com\/Site_6172918\/images\/55d8230a2d5faeed8d96b23b7c7cbd52.jpeg?rand=988b&quot;);\">\n      <div class=\"u-clearfix u-sheet u-valign-middle-lg u-valign-middle-md u-valign-middle-sm u-valign-middle-xs u-sheet-1\">\n        <div class=\"data-layout-selected u-clearfix u-expanded-width u-gutter-26 u-layout-wrap u-layout-wrap-1\">\n          <div class=\"u-gutter-0 u-layout\">\n            <div class=\"u-layout-row\">\n              <div class=\"u-size-30 u-size-60-md\">\n                <div class=\"u-layout-col\">\n                  <div class=\"u-container-style u-layout-cell u-left-cell u-similar-fill u-size-60 u-layout-cell-1\">\n                    <div class=\"u-container-layout u-valign-middle-lg u-valign-middle-md u-valign-middle-sm u-valign-middle-xs u-container-layout-1\">\n                      <h2 class=\"u-text u-text-1\">Votre satisfaction, notre priorit\u00e9<\/h2>\n                      <div class=\"u-border-5 u-border-palette-1-base u-line u-line-horizontal u-line-1\"><\/div>\n                      <p class=\"u-text u-text-2\"> Depuis nos d\u00e9buts et plus de 15 ans de savoir-faire, le monde Apple n'a plus aucun secret, que ce soit pour les entreprises, les \u00e9coles et les particuliers.<\/p>\n                    <\/div>\n                  <\/div>\n                <\/div>\n              <\/div>\n              <div class=\"u-size-30 u-size-60-md\">\n                <div class=\"u-layout-col\">\n                  <div class=\"u-size-60\">\n                    <div class=\"u-layout-row\">\n                      <div class=\"u-align-left u-container-style u-layout-cell u-size-60 u-layout-cell-2\">\n                        <div class=\"u-container-layout\">\n                          <img decoding=\"async\" class=\"u-expanded-width u-image u-image-1\" src=\"https:\/\/personal-it.ch\/wp-content\/uploads\/2025\/12\/test.png\" data-image-width=\"1393\" data-image-height=\"373\">\n                          <p class=\"u-align-center u-text u-text-3\"> Une expertise dans le domaine Apple, de tous les produits, de tous les syst\u00e8mes. Pour une int\u00e9gration commune, personnelle ou professionnelle dans les diff\u00e9rents syst\u00e8mes d'information. En plus d'\u00eatre qualitatifs, les produits Apple offrent une dur\u00e9e de vie sans \u00e9gal, qui augmente la producviti\u00e9, facilite l'autonomie, la prise en main et disposant d'une s\u00e9curit\u00e9 sans \u00e9gal.<\/p>\n                        <\/div>\n                      <\/div>\n                    <\/div>\n                  <\/div>\n                <\/div>\n              <\/div>\n            <\/div>\n          <\/div>\n        <\/div>\n      <\/div>\n    <\/section>\n    <section class=\"u-clearfix u-image u-shading u-valign-middle-lg u-valign-middle-md u-valign-middle-xl u-section-6\" id=\"carousel_1d15\" style=\"background-image: linear-gradient(0deg, rgba(0, 0, 0, 0.45), rgba(0, 0, 0, 0.45)), url(&quot;np:\/\/user.desktop.nicepage.com\/Site_6172918\/images\/e759f1bf20ea0c51a63e8af8aebcea8f.jpeg?rand=6eef&quot;);\">\n      <div class=\"u-expanded-height u-palette-4-dark-3 u-shape u-shape-rectangle u-shape-1\"><\/div>\n      <div class=\"data-layout-selected u-clearfix u-layout-wrap u-layout-wrap-1\">\n        <div class=\"u-gutter-0 u-layout\">\n          <div class=\"u-layout-row\">\n            <div class=\"u-container-style u-layout-cell u-left-cell u-similar-fill u-size-25 u-layout-cell-1\">\n              <div class=\"u-container-layout u-valign-middle u-container-layout-1\">\n                <h2 class=\"u-text u-text-1\">Un service informatique pour tous les besoins<\/h2>\n                <div class=\"u-border-5 u-border-palette-1-base u-line u-line-horizontal u-line-1\"><\/div>\n                <p class=\"u-text u-text-2\">Nous sommes l\u00e0 pour vous\u2026<\/p>\n                <a href=\"http:\/\/192.168.1.244\/index.php\/contact\/\" class=\"u-btn u-btn-round u-button-style u-radius u-btn-1\">Contactez-nous\u2026<\/a>\n              <\/div>\n            <\/div>\n            <div class=\"u-container-style u-layout-cell u-opacity u-opacity-0 u-right-cell u-size-35 u-white u-layout-cell-2\" data-animation-name=\"\" data-animation-duration=\"0\" data-animation-delay=\"0\" data-animation-direction=\"\">\n              <div class=\"u-container-layout u-valign-middle u-container-layout-2\">\n                <img decoding=\"async\" class=\"u-image u-image-round u-radius u-image-1\" src=\"https:\/\/personal-it.ch\/wp-content\/uploads\/2025\/12\/vcard1.png\" alt=\"\" data-image-width=\"958\" data-image-height=\"608\" data-href=\"http:\/\/192.168.1.244\/index.php\/contact\/\">\n              <\/div>\n            <\/div>\n          <\/div>\n        <\/div>\n      <\/div>\n    <\/section>\n    \n    \n    \n  \n","protected":false},"excerpt":{"rendered":"<p>Votre informatique, sans aucune limite Que vous soyez une entreprise individuelle ou un particulier, la solution informatique dont vous avez envie et qui correspond \u00e0 votre besoin\u2026 Plus d&rsquo;informations\u2026 L&rsquo;informatique, sans compromis Que ce soit pour du conseil, des formations, du coaching, des ateliers, une gestion globale et centralis\u00e9e, forts de notre exp\u00e9rience et de &hellip; <a href=\"https:\/\/personal-it.ch\/\" class=\"more-link\">Continue reading<span class=\"screen-reader-text\"> \u00ab\u00a0Home\u00a0\u00bb<\/span><\/a><\/p>\n","protected":false},"author":1,"featured_media":0,"parent":0,"menu_order":1,"comment_status":"closed","ping_status":"closed","template":"","meta":{"footnotes":""},"class_list":["post-59","page","type-page","status-publish","hentry"],"_links":{"self":[{"href":"https:\/\/personal-it.ch\/index.php\/wp-json\/wp\/v2\/pages\/59","targetHints":{"allow":["GET"]}}],"collection":[{"href":"https:\/\/personal-it.ch\/index.php\/wp-json\/wp\/v2\/pages"}],"about":[{"href":"https:\/\/personal-it.ch\/index.php\/wp-json\/wp\/v2\/types\/page"}],"author":[{"embeddable":true,"href":"https:\/\/personal-it.ch\/index.php\/wp-json\/wp\/v2\/users\/1"}],"replies":[{"embeddable":true,"href":"https:\/\/personal-it.ch\/index.php\/wp-json\/wp\/v2\/comments?post=59"}],"version-history":[{"count":3,"href":"https:\/\/personal-it.ch\/index.php\/wp-json\/wp\/v2\/pages\/59\/revisions"}],"predecessor-version":[{"id":121,"href":"https:\/\/personal-it.ch\/index.php\/wp-json\/wp\/v2\/pages\/59\/revisions\/121"}],"wp:attachment":[{"href":"https:\/\/personal-it.ch\/index.php\/wp-json\/wp\/v2\/media?parent=59"}],"curies":[{"name":"wp","href":"https:\/\/api.w.org\/{rel}","templated":true}]}}