{"id":60,"date":"2025-12-19T08:27:16","date_gmt":"2025-12-19T07:27:16","guid":{"rendered":"http:\/\/192.168.1.244\/index.php\/entreprises\/"},"modified":"2026-02-28T13:51:41","modified_gmt":"2026-02-28T12:51:41","slug":"entreprises","status":"publish","type":"page","link":"https:\/\/personal-it.ch\/index.php\/entreprises\/","title":{"rendered":"Entreprises"},"content":{"rendered":"\n    \n    <section class=\"u-clearfix u-image u-shading u-section-2\" id=\"sec-e699\" data-image-width=\"1280\" data-image-height=\"771\" style=\"background-image: linear-gradient(0deg, rgba(0, 0, 0, 0.4), rgba(0, 0, 0, 0.4)), url(&quot;https:\/\/personal-it.ch\/wp-content\/uploads\/2025\/12\/8d78a49673f02f12e878854c9dcc38d70b07fd8f2ee67415dbe7610fac1afaf16cbbe9a765ca421c3a2db33a872416aaadeb8d7192b7e8dfaeb035_1280.jpg&quot;);\">\n      <div class=\"u-clearfix u-sheet u-valign-middle u-sheet-1\">\n        <h1 class=\"u-align-center u-text u-text-default u-text-1\"> L'informatique,<br>pour les Entreprises Individuelles\n        <\/h1>\n      <\/div>\n    <\/section>\n    <section class=\"u-clearfix u-palette-5-light-2 u-section-3\" id=\"carousel_d338\">\n      <div class=\"u-expanded-width u-shape u-shape-rectangle u-white u-shape-1\"><\/div>\n      <div class=\"data-layout-selected u-clearfix u-gutter-26 u-layout-wrap u-layout-wrap-1\">\n        <div class=\"u-layout\">\n          <div class=\"u-layout-row\">\n            <div class=\"u-size-15 u-size-30-md\">\n              <div class=\"u-layout-col\">\n                <div class=\"u-container-style u-hidden-sm u-hidden-xs u-layout-cell u-size-20 u-layout-cell-1\">\n                  <div class=\"u-container-layout u-container-layout-1\"><\/div>\n                <\/div>\n                <div class=\"u-align-center u-container-style u-layout-cell u-palette-1-base u-size-40 u-layout-cell-2\" data-animation-name=\"\" data-animation-duration=\"0\" data-animation-delay=\"0\" data-animation-direction=\"\">\n                  <div class=\"u-container-layout u-container-layout-2\"><span class=\"u-file-icon u-icon u-icon-circle u-text-palette-1-base u-white u-icon-1\" data-animation-name=\"\" data-animation-duration=\"0\" data-animation-delay=\"0\" data-animation-direction=\"\"><img decoding=\"async\" src=\"https:\/\/personal-it.ch\/wp-content\/uploads\/2025\/12\/2e808acc.png\" alt=\"\"><\/span>\n                    <h5 class=\"u-custom-font u-font-lato u-text u-text-1\"> Audits &amp; Conseils<\/h5>\n                    <p class=\"u-text u-text-2\"> Investir dans des produits Apple, c\u2019est s\u2019assurer un investissement dans la simplicit\u00e9 d\u2019utilisation et offrent une dur\u00e9e de vie sans \u00e9gal, qui augmente la productivit\u00e9, facilite l'autonomie, la prise en main et disposant d'une s\u00e9curit\u00e9 sans \u00e9gal.&nbsp;Nous \u00e9tudions avec vous votre structure informatique et proposons des solutions pour&nbsp;simplifier la gestion de votre parc, que ce soit du point de vue utilisateur ou administration. Nous \u00e9tudions ensemble vos besoins logiciels et vous conseillons au mieux pour p\u00e9renniser l\u2019existant, tout en favorisant l\u2019\u00e9volution vers des technologies modernes. Nous vous aidons \u00e0 faciliter la communication au sein de votre entreprise, tout en orientant votre architecture pour vos besoins actuels et \u00e0 venir.<\/p>\n                  <\/div>\n                <\/div>\n              <\/div>\n            <\/div>\n            <div class=\"u-size-15 u-size-30-md\">\n              <div class=\"u-layout-col\">\n                <div class=\"u-align-center u-container-style u-layout-cell u-size-40 u-white u-layout-cell-3\">\n                  <div class=\"u-container-layout u-container-layout-3\"><span class=\"u-file-icon u-icon u-icon-circle u-palette-1-base u-text-white u-icon-2\"><img decoding=\"async\" src=\"https:\/\/personal-it.ch\/wp-content\/uploads\/2025\/12\/1f2f3ae0.png\" alt=\"\"><\/span>\n                    <h5 class=\"u-custom-font u-font-montserrat u-text u-text-palette-1-base u-text-3\"> Assistance<\/h5>\n                    <p class=\"u-text u-text-palette-5-dark-2 u-text-4\"> Une assistance vous permettra d\u2019avoir une meilleure compr\u00e9hension des outils et des syst\u00e8mes qui les entourent, d\u2019\u00eatre plus performants et proactifs, et d\u2019acqu\u00e9rir un savoir-faire sans \u00e9gal.<br> Le support informatique n\u2019a plus de secret pour nous : nous ma\u00eetrisons les enjeux et les d\u00e9fis qu\u2019il repr\u00e9sente pour une entreprise.<br> Ce service peut \u00eatre partiellement ou totalement d\u00e9l\u00e9gu\u00e9.<br> Nous pouvons \u00e9galement accompagner vos \u00e9quipes afin de leur transmettre notre savoir-faire et notre savoir-\u00eatre, notamment \u00e0 celles en charge du helpdesk.<br> Un support de proximit\u00e9 ou \u00e0 distance permet d\u2019\u00eatre efficace, efficient et r\u00e9actif, afin d\u2019apporter une solution rapide, s\u00e9curis\u00e9e et p\u00e9renne.\n                    <\/p>\n                  <\/div>\n                <\/div>\n                <div class=\"u-container-style u-hidden-sm u-hidden-xs u-layout-cell u-size-20 u-layout-cell-4\">\n                  <div class=\"u-container-layout u-container-layout-4\"><\/div>\n                <\/div>\n              <\/div>\n            <\/div>\n            <div class=\"u-size-15 u-size-30-md\">\n              <div class=\"u-layout-col\">\n                <div class=\"u-container-style u-hidden-sm u-hidden-xs u-layout-cell u-size-20 u-layout-cell-5\">\n                  <div class=\"u-container-layout u-container-layout-5\"><\/div>\n                <\/div>\n                <div class=\"u-align-center u-container-style u-layout-cell u-palette-1-base u-size-40 u-layout-cell-6\">\n                  <div class=\"u-container-layout u-container-layout-6\"><span class=\"u-file-icon u-icon u-icon-circle u-text-palette-1-base u-white u-icon-3\"><img decoding=\"async\" src=\"https:\/\/personal-it.ch\/wp-content\/uploads\/2025\/12\/444fb275.png\" alt=\"\"><\/span>\n                    <h5 class=\"u-custom-font u-font-montserrat u-text u-text-5\"> Gestion centralis\u00e9e<\/h5>\n                    <p class=\"u-text u-text-6\"> La gestion d'un parc informatique de nos jours devient un gageur avec les probl\u00e8mes de s\u00e9curit\u00e9s, les mises \u00e0 jour, le support et assurer une continuit\u00e9 des syst\u00e8mes. La gestion via un MDM (Mobile Devices Management) tel que Jamf permet d'avoir une vue globale, simple, modulable et s\u00e9curis\u00e9e de tous vos \u00e9quipements, peu importe o\u00f9 vous \u00eates. Fort de 10 ann\u00e9es d'int\u00e9gration de ces outils au sein des entreprises. Le d\u00e9ploiement en \u00ab&nbsp;z\u00e9ro-touch&nbsp;\u00bb rapide de vos outils, l'inventaire de vos \u00e9quipements, les mises \u00e0 jour des syst\u00e8mes et des logiciels sans intervention sur site n'auront plus de secret pour vous.&nbsp;Votre exp\u00e9rience Apple et celle de vos utilisateurs n'en seront que meilleures et l'exp\u00e9rience acquise sera renforc\u00e9e.<\/p>\n                  <\/div>\n                <\/div>\n              <\/div>\n            <\/div>\n            <div class=\"u-size-15 u-size-30-md\">\n              <div class=\"u-layout-col\">\n                <div class=\"u-align-center u-container-style u-layout-cell u-size-40 u-white u-layout-cell-7\">\n                  <div class=\"u-container-layout u-container-layout-7\"><span class=\"u-file-icon u-icon u-icon-circle u-palette-1-base u-text-white u-icon-4\"><img decoding=\"async\" src=\"https:\/\/personal-it.ch\/wp-content\/uploads\/2025\/12\/889fbedc.png\" alt=\"\"><\/span>\n                    <h5 class=\"u-custom-font u-font-montserrat u-text u-text-palette-1-base u-text-7\">Gestion r\u00e9seau<\/h5>\n                    <p class=\"u-text u-text-palette-5-dark-2 u-text-8\"> Alors que les entreprises sont de plus en plus interconnect\u00e9es et ax\u00e9es sur la technologie, la base d'un Syst\u00e8me d'Information efficace est le r\u00e9seau, c'est la cl\u00e9 de vous de votre SI. En effet, sans une infrastructure appropri\u00e9e fiable et s\u00e9curis\u00e9e, m\u00eame le meilleur mat\u00e9riel ne fonctionnera pas et&nbsp; votre exp\u00e9rience et celle de vos utilisateurs ne sera pas satisfaisantes et pas \u00e0 la haute de vos esp\u00e9rances et des investissements r\u00e9alis\u00e9s. Notre analyse et exp\u00e9rience permettent de d\u00e9couvrir les faiblesses et les vuln\u00e9rabilit\u00e9s en examinant votre mat\u00e9riel informatique, vos logiciels, votre architecture r\u00e9seau et vos syst\u00e8mes de s\u00e9curit\u00e9 afin de s'assurer que vos besoins soient couverts de la mani\u00e8re la plus pr\u00e9cise possible.<\/p>\n                  <\/div>\n                <\/div>\n                <div class=\"u-container-style u-hidden-sm u-hidden-xs u-layout-cell u-shape-rectangle u-size-20 u-layout-cell-8\">\n                  <div class=\"u-container-layout u-container-layout-8\"><\/div>\n                <\/div>\n              <\/div>\n            <\/div>\n          <\/div>\n        <\/div>\n      <\/div>\n      <a href=\"http:\/\/192.168.1.244\/index.php\/contact\/\" class=\"u-align-center u-btn u-btn-round u-button-style u-radius u-btn-1\" target=\"_blank\">Contactez-nous\u2026 <\/a>\n    <\/section>\n    \n    \n    \n  \n","protected":false},"excerpt":{"rendered":"<p>L&rsquo;informatique,pour les Entreprises Individuelles Audits &amp; Conseils Investir dans des produits Apple, c\u2019est s\u2019assurer un investissement dans la simplicit\u00e9 d\u2019utilisation et offrent une dur\u00e9e de vie sans \u00e9gal, qui augmente la productivit\u00e9, facilite l&rsquo;autonomie, la prise en main et disposant d&rsquo;une s\u00e9curit\u00e9 sans \u00e9gal.&nbsp;Nous \u00e9tudions avec vous votre structure informatique et proposons des solutions pour&nbsp;simplifier &hellip; <a href=\"https:\/\/personal-it.ch\/index.php\/entreprises\/\" class=\"more-link\">Continue reading<span class=\"screen-reader-text\"> \u00ab\u00a0Entreprises\u00a0\u00bb<\/span><\/a><\/p>\n","protected":false},"author":1,"featured_media":0,"parent":0,"menu_order":2,"comment_status":"closed","ping_status":"closed","template":"","meta":{"footnotes":""},"class_list":["post-60","page","type-page","status-publish","hentry"],"_links":{"self":[{"href":"https:\/\/personal-it.ch\/index.php\/wp-json\/wp\/v2\/pages\/60","targetHints":{"allow":["GET"]}}],"collection":[{"href":"https:\/\/personal-it.ch\/index.php\/wp-json\/wp\/v2\/pages"}],"about":[{"href":"https:\/\/personal-it.ch\/index.php\/wp-json\/wp\/v2\/types\/page"}],"author":[{"embeddable":true,"href":"https:\/\/personal-it.ch\/index.php\/wp-json\/wp\/v2\/users\/1"}],"replies":[{"embeddable":true,"href":"https:\/\/personal-it.ch\/index.php\/wp-json\/wp\/v2\/comments?post=60"}],"version-history":[{"count":2,"href":"https:\/\/personal-it.ch\/index.php\/wp-json\/wp\/v2\/pages\/60\/revisions"}],"predecessor-version":[{"id":120,"href":"https:\/\/personal-it.ch\/index.php\/wp-json\/wp\/v2\/pages\/60\/revisions\/120"}],"wp:attachment":[{"href":"https:\/\/personal-it.ch\/index.php\/wp-json\/wp\/v2\/media?parent=60"}],"curies":[{"name":"wp","href":"https:\/\/api.w.org\/{rel}","templated":true}]}}