{"id":61,"date":"2025-12-19T08:27:17","date_gmt":"2025-12-19T07:27:17","guid":{"rendered":"http:\/\/192.168.1.244\/index.php\/about\/"},"modified":"2026-02-28T13:47:59","modified_gmt":"2026-02-28T12:47:59","slug":"about","status":"publish","type":"page","link":"https:\/\/personal-it.ch\/index.php\/about\/","title":{"rendered":"About"},"content":{"rendered":"\n    \n    <section class=\"u-clearfix u-section-2\" id=\"sec-35a9\">\n      <div class=\"u-clearfix u-sheet u-sheet-1\">\n        <div class=\"data-layout-selected u-clearfix u-expanded-width u-gutter-0 u-layout-wrap u-layout-wrap-1\">\n          <div class=\"u-layout\" style=\"\">\n            <div class=\"u-layout-row\" style=\"\">\n              <div class=\"u-align-center u-container-style u-layout-cell u-left-cell u-size-21 u-layout-cell-1\">\n                <div class=\"u-container-layout u-valign-middle u-container-layout-1\">\n                  <div alt=\"\" class=\"u-image u-image-circle u-image-1\" src=\"\" data-image-width=\"1500\" data-image-height=\"1500\" style=\"background-image: url(&quot;https:\/\/personal-it.ch\/wp-content\/uploads\/2025\/12\/yduche.jpg&quot;);\"><\/div>\n                <\/div>\n              <\/div>\n              <div class=\"u-container-style u-layout-cell u-right-cell u-size-39 u-layout-cell-2\">\n                <div class=\"u-container-layout u-container-layout-2\"><span class=\"u-file-icon u-flip-horizontal u-icon u-text-palette-1-base u-icon-1\"><img decoding=\"async\" src=\"https:\/\/personal-it.ch\/wp-content\/uploads\/2025\/12\/5e661245.png\" alt=\"\"><\/span>\n                  <p class=\"u-align-center u-text u-text-1\">Apprendre, \u00e9voluer, partager sont les maitres mots qui m'ont pouss\u00e9 \u00e0 cr\u00e9er Personal IT by DUCH\u00c9.<br>\n                    <br>Plus qu'un m\u00e9tier, je suis un passionn\u00e9. Dans cette passion rien n'est acquis, c'est un monde sans cesse en \u00e9volution o\u00f9 le quotidien et la routine n'existent pas, o\u00f9 il faut sans cesse se remettre en cause afin d'essayer d'atteindre un id\u00e9al. Ponctuel, m\u00e9ticuleux, organis\u00e9, s\u00e9rieux, volontaire, sens du service et des responsabilit\u00e9s.<br>\n                    <br>Personal IT by DUCH\u00c9 est une entreprise individuelle, en cours d'enregistrement au registre du commerce en Suisse, avec la volont\u00e9 de s'inscrire dans la dur\u00e9e et de pouvoir apporter des solutions fortes<br>\n                  <\/p>\n                  <h2 class=\"u-text u-text-default u-text-2\"><span class=\"u-file-icon u-icon u-text-palette-1-base\"><img decoding=\"async\" src=\"https:\/\/personal-it.ch\/wp-content\/uploads\/2025\/12\/5e661245.png\" alt=\"\"><\/span>\n                  <\/h2>\n                <\/div>\n              <\/div>\n            <\/div>\n          <\/div>\n        <\/div>\n      <\/div>\n    <\/section>\n    <section class=\"u-align-center u-clearfix u-container-align-center u-custom-color-1 u-section-3\" id=\"carousel_222d\">\n      <div class=\"u-clearfix u-sheet u-sheet-1\">\n        <h2 class=\"u-align-center u-text u-text-1\" data-animation-name=\"customAnimationIn\" data-animation-duration=\"1750\" data-animation-delay=\"0\">Les axes de mon parcours<\/h2>\n        <div class=\"u-expanded-width u-list u-list-1\">\n          <div class=\"u-repeater u-repeater-1\">\n            <div class=\"u-align-center u-container-align-center-lg u-container-style u-custom-border u-list-item u-radius u-repeater-item u-shape-round u-white u-list-item-1\" data-animation-name=\"customAnimationIn\" data-animation-duration=\"1750\" data-animation-delay=\"500\">\n              <div class=\"u-container-layout u-similar-container u-container-layout-1\"><span class=\"u-file-icon u-icon u-icon-circle u-palette-1-base u-text-white u-icon-1\"><img decoding=\"async\" src=\"https:\/\/personal-it.ch\/wp-content\/uploads\/2025\/12\/45b2fccb.png\" alt=\"\"><\/span>\n                <h5 class=\"u-align-center u-text u-text-2\">Savoir \u00eatre et savoir faire<\/h5>\n                <p class=\"u-align-center u-custom-item u-text u-text-3\"> Rigueur, minutie, passion, transmission et accompagnement, \u00e9coute et humilit\u00e9 sont les maitres mots de ce m\u00e9tier. Un m\u00e9tier et un service destin\u00e9s aux utilisateurs, car le besoin de connaissance est permanent avec les nombreux outils et diff\u00e9rentes technologies qui nous entourent.<\/p>\n              <\/div>\n            <\/div>\n            <div class=\"u-align-center u-container-align-center u-container-style u-custom-border u-list-item u-radius u-repeater-item u-shape-round u-white u-list-item-2\" data-animation-name=\"customAnimationIn\" data-animation-duration=\"1750\" data-animation-delay=\"500\">\n              <div class=\"u-container-layout u-similar-container u-container-layout-2\"><span class=\"u-file-icon u-icon u-icon-circle u-palette-1-base u-text-white u-icon-2\"><img decoding=\"async\" src=\"https:\/\/personal-it.ch\/wp-content\/uploads\/2025\/12\/ff0c34ce.png\" alt=\"\"><\/span>\n                <h5 class=\"u-align-center u-text u-text-4\">Ing\u00e9nierie Syst\u00e8mes<\/h5>\n                <p class=\"u-align-center u-custom-item u-text u-text-5\">Plus de 15 ann\u00e9es dans la gestion de syst\u00e8mes informatique, sp\u00e9cialiste Apple et int\u00e9gration et gestion de ces \u00e9quipements au sein d'entreprises et \u00e9coles priv\u00e9es et publiques. MDM, Annuaire, Gestion des Identit\u00e9s, Inventaire, Outils de Support sont les cl\u00e9s d'un service IT s\u00e9curis\u00e9 et serein.<\/p>\n              <\/div>\n            <\/div>\n            <div class=\"u-align-center u-container-align-center u-container-style u-custom-border u-list-item u-radius u-repeater-item u-shape-round u-white u-list-item-3\" data-animation-name=\"customAnimationIn\" data-animation-duration=\"1750\" data-animation-delay=\"500\">\n              <div class=\"u-container-layout u-similar-container u-container-layout-3\"><span class=\"u-file-icon u-icon u-icon-circle u-palette-1-base u-text-white u-icon-3\"><img decoding=\"async\" src=\"https:\/\/personal-it.ch\/wp-content\/uploads\/2025\/12\/babe44f8.png\" alt=\"\"><\/span>\n                <h5 class=\"u-align-center u-text u-text-6\">Ing\u00e9nierie R\u00e9seaux<\/h5>\n                <p class=\"u-align-center u-custom-item u-text u-text-7\"> Une expertise dans la gestion des r\u00e9seaux informatiques. S\u00e9curit\u00e9, disponibilit\u00e9, optimisation, rapidit\u00e9 et fluidit\u00e9 sont les cl\u00e9s vo\u00fbtes pour un r\u00e9seau syst\u00e8me informatique efficace. \u00c9tudes r\u00e9seau, reprises d'infrastructure, support et d\u00e9pannage sont les axes forts de mon parcours.<\/p>\n              <\/div>\n            <\/div>\n            <div class=\"u-align-center u-container-align-center u-container-style u-custom-border u-list-item u-radius u-repeater-item u-shape-round u-white u-list-item-4\" data-animation-name=\"customAnimationIn\" data-animation-duration=\"1750\" data-animation-delay=\"500\">\n              <div class=\"u-container-layout u-similar-container u-container-layout-4\"><span class=\"u-file-icon u-icon u-icon-circle u-palette-1-base u-text-white u-icon-4\"><img decoding=\"async\" src=\"https:\/\/personal-it.ch\/wp-content\/uploads\/2025\/12\/6ca4f803.png\" alt=\"\"><\/span>\n                <h5 class=\"u-align-center u-text u-text-8\">Gestion de projets <\/h5>\n                <p class=\"u-align-center u-custom-item u-text u-text-9\"> Des projets sur le court, moyen et long terme n'ont plus de secret tant ils font partie int\u00e9grante de mon environnement professionnel. D\u00e9finir, planifier, r\u00e9aliser, mettre en production, am\u00e9liorer, corriger suivre un projet&nbsp;sont n\u00e9cessaire \u00e0 la bonne r\u00e9ussite d'un projet informatique.<\/p>\n              <\/div>\n            <\/div>\n          <\/div>\n        <\/div>\n      <\/div>\n    <\/section>\n    <section class=\"u-clearfix u-grey-5 u-section-4\" id=\"sec-1a15\">\n      <div class=\"u-clearfix u-sheet u-sheet-1\">\n        <div class=\"data-layout-selected u-clearfix u-expanded-width u-gutter-10 u-layout-wrap u-layout-wrap-1\">\n          <div class=\"u-layout\" style=\"\">\n            <div class=\"u-layout-row\" style=\"\">\n              <div class=\"u-container-style u-layout-cell u-left-cell u-size-31 u-size-xs-60 u-layout-cell-1\" src=\"\">\n                <div class=\"u-container-layout u-container-layout-1\">\n                  <h2 class=\"u-align-left u-text u-text-default u-text-1\">Plus d'informations ?<\/h2>\n                  <div class=\"u-border-5 u-border-palette-1-base u-line u-line-horizontal u-line-1\"><\/div>\n                  <p class=\"u-align-left u-text u-text-2\"> N'h\u00e9sitez pas \u00e0 consulter mon parcours professionnel et visualiser ce que votre service informatique pourra mieux maitriser<\/p>\n                  <a href=\"https:\/\/yduche.ch\/\" class=\"u-btn u-btn-round u-button-style u-radius u-btn-1\" target=\"_blank\">Visiter mon CV en ligne\u2026<\/a>\n                <\/div>\n              <\/div>\n              <div class=\"u-align-center u-container-style u-image u-layout-cell u-right-cell u-size-29 u-size-xs-60 u-image-1\" src=\"\" data-href=\"https:\/\/yduche.ch\/\" data-image-width=\"2228\" data-image-height=\"2028\" style=\"background-image: url(&quot;https:\/\/personal-it.ch\/wp-content\/uploads\/2025\/12\/Screenshot2025-07-17at08.06.53.png&quot;);\">\n                <div class=\"u-container-layout u-container-layout-2\" src=\"\"><\/div>\n              <\/div>\n            <\/div>\n          <\/div>\n        <\/div>\n      <\/div>\n    <\/section>\n    \n    \n    \n  \n","protected":false},"excerpt":{"rendered":"<p>Apprendre, \u00e9voluer, partager sont les maitres mots qui m&rsquo;ont pouss\u00e9 \u00e0 cr\u00e9er Personal IT by DUCH\u00c9. Plus qu&rsquo;un m\u00e9tier, je suis un passionn\u00e9. Dans cette passion rien n&rsquo;est acquis, c&rsquo;est un monde sans cesse en \u00e9volution o\u00f9 le quotidien et la routine n&rsquo;existent pas, o\u00f9 il faut sans cesse se remettre en cause afin d&rsquo;essayer &hellip; <a href=\"https:\/\/personal-it.ch\/index.php\/about\/\" class=\"more-link\">Continue reading<span class=\"screen-reader-text\"> \u00ab\u00a0About\u00a0\u00bb<\/span><\/a><\/p>\n","protected":false},"author":1,"featured_media":0,"parent":0,"menu_order":3,"comment_status":"closed","ping_status":"closed","template":"","meta":{"footnotes":""},"class_list":["post-61","page","type-page","status-publish","hentry"],"_links":{"self":[{"href":"https:\/\/personal-it.ch\/index.php\/wp-json\/wp\/v2\/pages\/61","targetHints":{"allow":["GET"]}}],"collection":[{"href":"https:\/\/personal-it.ch\/index.php\/wp-json\/wp\/v2\/pages"}],"about":[{"href":"https:\/\/personal-it.ch\/index.php\/wp-json\/wp\/v2\/types\/page"}],"author":[{"embeddable":true,"href":"https:\/\/personal-it.ch\/index.php\/wp-json\/wp\/v2\/users\/1"}],"replies":[{"embeddable":true,"href":"https:\/\/personal-it.ch\/index.php\/wp-json\/wp\/v2\/comments?post=61"}],"version-history":[{"count":3,"href":"https:\/\/personal-it.ch\/index.php\/wp-json\/wp\/v2\/pages\/61\/revisions"}],"predecessor-version":[{"id":119,"href":"https:\/\/personal-it.ch\/index.php\/wp-json\/wp\/v2\/pages\/61\/revisions\/119"}],"wp:attachment":[{"href":"https:\/\/personal-it.ch\/index.php\/wp-json\/wp\/v2\/media?parent=61"}],"curies":[{"name":"wp","href":"https:\/\/api.w.org\/{rel}","templated":true}]}}