{"id":62,"date":"2025-12-19T08:27:18","date_gmt":"2025-12-19T07:27:18","guid":{"rendered":"http:\/\/192.168.1.244\/index.php\/contact\/"},"modified":"2025-12-19T08:27:24","modified_gmt":"2025-12-19T07:27:24","slug":"contact","status":"publish","type":"page","link":"https:\/\/personal-it.ch\/index.php\/contact\/","title":{"rendered":"Contact"},"content":{"rendered":"\n  \n    <section class=\"u-align-center u-clearfix u-section-1\" id=\"sec-71f1\">\n      <div class=\"data-layout-selected u-clearfix u-gutter-0 u-layout-wrap u-layout-wrap-1\">\n        <div class=\"u-gutter-0 u-layout\">\n          <div class=\"u-layout-row\">\n            <div class=\"u-align-left u-container-style u-layout-cell u-left-cell u-size-29 u-layout-cell-1\">\n              <div class=\"u-container-layout u-valign-middle-lg u-valign-middle-md u-valign-middle-xl u-container-layout-1\">\n                <h2 class=\"u-text u-text-grey-70 u-text-1\">Contact<\/h2>\n                <div class=\"u-border-5 u-border-palette-1-base u-line u-line-horizontal u-line-1\"><\/div>\n                <h6 class=\"u-text u-text-2\">Yohann DUCH\u00c9<\/h6>\n                <h6 class=\"u-text u-text-grey-50 u-text-3\">Ing\u00e9nieur SYST\u00e8mes &amp; r\u00e9seaux<br>\uf8ff Sp\u00e9cialiste ApplE\n                <\/h6>\n                <a href=\"tel:+41787780567\" class=\"u-btn u-button-style u-none u-btn-1\"><span class=\"u-icon u-text-palette-1-base u-icon-1\"><svg class=\"u-svg-content\" viewBox=\"0 0 405.333 405.333\" x=\"0px\" y=\"0px\" style=\"width: 1em; height: 1em;\"><path d=\"M373.333,266.88c-25.003,0-49.493-3.904-72.704-11.563c-11.328-3.904-24.192-0.896-31.637,6.699l-46.016,34.752    c-52.8-28.181-86.592-61.952-114.389-114.368l33.813-44.928c8.512-8.512,11.563-20.971,7.915-32.64    C142.592,81.472,138.667,56.96,138.667,32c0-17.643-14.357-32-32-32H32C14.357,0,0,14.357,0,32    c0,205.845,167.488,373.333,373.333,373.333c17.643,0,32-14.357,32-32V298.88C405.333,281.237,390.976,266.88,373.333,266.88z\"><\/path><\/svg><\/span>&nbsp;+41(0)78.778.05.67\n                <\/a>\n                <a href=\"mailto:yohann.duche@personal-it.ch\" class=\"u-active-none u-bottom-left-radius-0 u-bottom-right-radius-0 u-btn u-btn-rectangle u-button-style u-hover-none u-none u-radius-0 u-top-left-radius-0 u-top-right-radius-0 u-btn-2\"><span class=\"u-file-icon u-icon u-text-palette-1-base u-icon-2\"><img decoding=\"async\" src=\"https:\/\/personal-it.ch\/wp-content\/uploads\/2025\/12\/49baa38d.png\" alt=\"\"><\/span>yohann.duche@personal-it.ch\n                <\/a>\n              <\/div>\n            <\/div>\n            <div class=\"u-align-left u-container-style u-layout-cell u-opacity u-opacity-90 u-right-cell u-size-31 u-layout-cell-2\">\n              <div class=\"u-container-layout u-valign-middle-lg u-valign-middle-md u-valign-middle-sm u-valign-middle-xl u-container-layout-2\">\n                <div class=\"u-align-center u-expanded-width-xs u-grey-light-2 u-map u-map-1\">\n                  <div class=\"embed-responsive\">\n                    <iframe class=\"embed-responsive-item\" src=\"https:\/\/maps.google.com\/maps?output=embed&amp;q=Route%20de%20Bursinel%2028%2C%201195%20Dully&amp;z=9&amp;t=m&amp;hl=fr\" data-map=\"JTdCJTIyYWRkcmVzcyUyMiUzQSUyMlJvdXRlJTIwZGUlMjBCdXJzaW5lbCUyMDI4JTJDJTIwMTE5NSUyMER1bGx5JTIyJTJDJTIyem9vbSUyMiUzQTklMkMlMjJ0eXBlSWQlMjIlM0ElMjJyb2FkJTIyJTJDJTIybGFuZyUyMiUzQSUyMmZyJTIyJTJDJTIyYXBpS2V5JTIyJTNBbnVsbCUyQyUyMm1hcmtlcnMlMjIlM0ElNUIlNUQlN0Q=\"><\/iframe>\n                  <\/div>\n                <\/div>\n              <\/div>\n            <\/div>\n          <\/div>\n        <\/div>\n      <\/div>\n    <\/section>\n    <section class=\"u-clearfix u-image u-shading u-valign-middle u-section-2\" id=\"sec-c8eb\" style=\"background-image: linear-gradient(0deg, rgba(0, 0, 0, 0.45), rgba(0, 0, 0, 0.45)), url(&quot;np:\/\/user.desktop.nicepage.com\/Site_6172918\/images\/504b66d39334889977bdeed0714a7c66.jpeg?rand=2c3b&quot;);\">\n      <div class=\"u-expanded-height u-palette-4-dark-3 u-shape u-shape-rectangle u-shape-1\"><\/div>\n      <div class=\"data-layout-selected u-clearfix u-layout-wrap u-layout-wrap-1\">\n        <div class=\"u-gutter-0 u-layout\">\n          <div class=\"u-layout-row\">\n            <div class=\"u-size-30\">\n              <div class=\"u-layout-col\">\n                <div class=\"u-container-style u-layout-cell u-size-60 u-layout-cell-1\">\n                  <div class=\"u-container-layout u-container-layout-1\">\n                    <h2 class=\"u-text u-text-1\">Gardez-nous toujours \u00e0 port\u00e9e de mains<\/h2>\n                    <div class=\"u-border-5 u-border-palette-1-base u-line u-line-horizontal u-line-1\"><\/div>\n                    <p class=\"u-text u-text-2\">\n                      <span class=\"u-text-palette-1-base\">Scanner le QR Code<\/span> pour enregistrer la fiche contact dans votre t\u00e9l\u00e9phone ou <a href=\"https:\/\/personal-it.ch\/wp-content\/uploads\/2025\/12\/YohannDUCHE.vcf\" class=\"u-active-none u-border-none u-btn u-button-link u-button-style u-file-link u-hover-none u-none u-text-palette-1-base u-btn-1\">t\u00e9l\u00e9charger l\u00e0<\/a>.<br>\n                      <br>\n                    <\/p>\n                  <\/div>\n                <\/div>\n              <\/div>\n            <\/div>\n            <div class=\"u-size-30\">\n              <div class=\"u-layout-col\">\n                <div class=\"u-container-style u-layout-cell u-radius u-shape-round u-size-60 u-layout-cell-2\">\n                  <div class=\"u-container-layout u-valign-middle u-container-layout-2\">\n                    <img decoding=\"async\" class=\"custom-expanded u-image u-image-round u-radius u-image-1\" src=\"https:\/\/personal-it.ch\/wp-content\/uploads\/2025\/12\/vcard1.png\" data-image-width=\"958\" data-image-height=\"608\">\n                  <\/div>\n                <\/div>\n              <\/div>\n            <\/div>\n          <\/div>\n        <\/div>\n      <\/div>\n    <\/section>\n    \n    \n    \n    \n  \n","protected":false},"excerpt":{"rendered":"<p>Contact Yohann DUCH\u00c9 Ing\u00e9nieur SYST\u00e8mes &amp; r\u00e9seaux\uf8ff Sp\u00e9cialiste ApplE &nbsp;+41(0)78.778.05.67 yohann.duche@personal-it.ch Gardez-nous toujours \u00e0 port\u00e9e de mains Scanner le QR Code pour enregistrer la fiche contact dans votre t\u00e9l\u00e9phone ou t\u00e9l\u00e9charger l\u00e0.<\/p>\n","protected":false},"author":1,"featured_media":0,"parent":0,"menu_order":4,"comment_status":"closed","ping_status":"closed","template":"","meta":{"footnotes":""},"class_list":["post-62","page","type-page","status-publish","hentry"],"_links":{"self":[{"href":"https:\/\/personal-it.ch\/index.php\/wp-json\/wp\/v2\/pages\/62","targetHints":{"allow":["GET"]}}],"collection":[{"href":"https:\/\/personal-it.ch\/index.php\/wp-json\/wp\/v2\/pages"}],"about":[{"href":"https:\/\/personal-it.ch\/index.php\/wp-json\/wp\/v2\/types\/page"}],"author":[{"embeddable":true,"href":"https:\/\/personal-it.ch\/index.php\/wp-json\/wp\/v2\/users\/1"}],"replies":[{"embeddable":true,"href":"https:\/\/personal-it.ch\/index.php\/wp-json\/wp\/v2\/comments?post=62"}],"version-history":[{"count":1,"href":"https:\/\/personal-it.ch\/index.php\/wp-json\/wp\/v2\/pages\/62\/revisions"}],"predecessor-version":[{"id":76,"href":"https:\/\/personal-it.ch\/index.php\/wp-json\/wp\/v2\/pages\/62\/revisions\/76"}],"wp:attachment":[{"href":"https:\/\/personal-it.ch\/index.php\/wp-json\/wp\/v2\/media?parent=62"}],"curies":[{"name":"wp","href":"https:\/\/api.w.org\/{rel}","templated":true}]}}