{"id":64,"date":"2025-12-19T08:27:20","date_gmt":"2025-12-19T07:27:20","guid":{"rendered":"http:\/\/192.168.1.244\/index.php\/services\/"},"modified":"2025-12-19T08:27:24","modified_gmt":"2025-12-19T07:27:24","slug":"services","status":"publish","type":"page","link":"https:\/\/personal-it.ch\/index.php\/services\/","title":{"rendered":"Services"},"content":{"rendered":"\n  \n    <section class=\"u-clearfix u-valign-bottom-lg u-valign-bottom-md u-valign-bottom-sm u-valign-bottom-xl u-valign-middle-xs u-section-1\" id=\"sec-8b9e\">\n      <h2 class=\"u-align-center-xs u-text u-text-default u-text-1\">L'informatique, suivant vos besoins<\/h2>\n      <img decoding=\"async\" class=\"u-expanded-width u-image u-image-contain u-image-default u-image-1\" src=\"https:\/\/personal-it.ch\/wp-content\/uploads\/2025\/12\/AppleProducts1.png\" data-image-width=\"1612\" data-image-height=\"854\">\n    <\/section>\n    <section class=\"u-clearfix u-palette-5-base u-section-2\" id=\"sec-1bba\">\n      <div class=\"u-clearfix u-sheet u-sheet-1\">\n        <div class=\"custom-expanded data-layout-selected u-clearfix u-gutter-10 u-layout-wrap u-layout-wrap-1\">\n          <div class=\"u-layout\">\n            <div class=\"u-layout-row\">\n              <div class=\"u-size-30 u-size-60-md\">\n                <div class=\"u-layout-col\">\n                  <div class=\"u-container-style u-image u-image-round u-layout-cell u-left-cell u-radius u-size-60 u-image-1\" src=\"\" data-image-width=\"1280\" data-image-height=\"852\" style=\"background-image: url(&quot;https:\/\/personal-it.ch\/wp-content\/uploads\/2025\/12\/e2e54b3a6291e20e7291ee47ae8d4102d86526b1b412fed0e038ca6e5bc46f18245115958b984704c17103230e6a537ec4de9d771df0f6d5e77bce_1280.jpg&quot;);\">\n                    <div class=\"u-container-layout u-valign-middle u-container-layout-1\"><\/div>\n                  <\/div>\n                <\/div>\n              <\/div>\n              <div class=\"u-size-30 u-size-60-md\">\n                <div class=\"u-layout-col\">\n                  <div class=\"u-size-30\">\n                    <div class=\"u-layout-row\">\n                      <div class=\"u-align-left u-container-style u-layout-cell u-size-30 u-layout-cell-2\">\n                        <div class=\"u-container-layout u-valign-top u-container-layout-2\">\n                          <h3 class=\"u-text u-text-1\">Des conseils<br>personnalis\u00e9s et sans engagement\n                          <\/h3>\n                        <\/div>\n                      <\/div>\n                      <div class=\"u-align-left u-container-style u-layout-cell u-right-cell u-size-30 u-layout-cell-3\">\n                        <div class=\"u-container-layout u-valign-top u-container-layout-3\">\n                          <p class=\"u-text u-text-2\">Une question, une id\u00e9e, un doute, nous sommes l\u00e0 vous aider et sans engagement de votre part. R\u00e9pondre \u00e0 une question ne co\u00fbte rien et aide beaucoup, c'est l\u00e0 notre priorit\u00e9.<\/p>\n                        <\/div>\n                      <\/div>\n                    <\/div>\n                  <\/div>\n                  <div class=\"u-size-30\">\n                    <div class=\"u-layout-row\">\n                      <div class=\"u-align-left u-container-style u-layout-cell u-size-30 u-layout-cell-4\">\n                        <div class=\"u-container-layout u-valign-top u-container-layout-4\">\n                          <p class=\"u-text u-text-3\"> Une interrogation ou une crainte avant un achat ou une action, c'est normal. Le prix d'une prestation ne doit donc pas \u00eatre un frein \u00e0 cela, voil\u00e0 pourquoi il n'y a pas de facturation de notre part sur ces questions. <\/p>\n                        <\/div>\n                      <\/div>\n                      <div class=\"u-align-left u-container-style u-grey-10 u-layout-cell u-radius u-right-cell u-shape-round u-size-30 u-layout-cell-5\">\n                        <div class=\"u-container-layout u-valign-top u-container-layout-5\">\n                          <p class=\"u-text u-text-4\">Une exp\u00e9rience professionnelle forte pour le choix de vos appareils, services ou accessoires, nous sommes l\u00e0 pour vous aider et r\u00e9pondre \u00e0 toutes vos questions sans obligation mutuelle.<\/p>\n                        <\/div>\n                      <\/div>\n                    <\/div>\n                  <\/div>\n                <\/div>\n              <\/div>\n            <\/div>\n          <\/div>\n        <\/div>\n      <\/div>\n    <\/section>\n    <section class=\"u-clearfix u-palette-1-dark-1 u-section-3\" id=\"carousel_3e40\">\n      <div class=\"u-clearfix u-sheet u-valign-middle u-sheet-1\">\n        <div class=\"data-layout-selected u-clearfix u-expanded-width u-gutter-10 u-layout-wrap u-layout-wrap-1\">\n          <div class=\"u-layout\">\n            <div class=\"u-layout-row\">\n              <div class=\"u-size-30 u-size-60-md\">\n                <div class=\"u-layout-col\">\n                  <div class=\"u-container-style u-image u-image-round u-layout-cell u-left-cell u-radius u-size-60 u-image-1\" src=\"\" data-image-width=\"1280\" data-image-height=\"724\" style=\"background-image: url(&quot;https:\/\/personal-it.ch\/wp-content\/uploads\/2025\/12\/f6f79c3cd3124e6b73084af328f271149ec5c2c31e87e841acf1ea33c163d098eabaccadce632f37c308a0ab0b9c7f4389cafb0afb710ac3b65b2f_1280.jpg&quot;);\">\n                    <div class=\"u-container-layout u-valign-middle u-container-layout-1\"><\/div>\n                  <\/div>\n                <\/div>\n              <\/div>\n              <div class=\"u-size-30 u-size-60-md\">\n                <div class=\"u-layout-col\">\n                  <div class=\"u-size-30\">\n                    <div class=\"u-layout-row\">\n                      <div class=\"u-align-left u-container-style u-layout-cell u-size-30 u-layout-cell-2\">\n                        <div class=\"u-container-layout u-valign-top u-container-layout-2\">\n                          <h3 class=\"u-text u-text-1\">Formation, atelier, en individuel ou en groupe<\/h3>\n                        <\/div>\n                      <\/div>\n                      <div class=\"u-align-left u-container-style u-layout-cell u-right-cell u-size-30 u-layout-cell-3\">\n                        <div class=\"u-container-layout u-valign-top u-container-layout-3\">\n                          <p class=\"u-text u-text-2\">Seul ou \u00e0 plusieurs, avec quelques astuces et une meilleure compr\u00e9hension, vous serez en capacit\u00e9 mieux maitriser vos produits Apple.<\/p>\n                        <\/div>\n                      <\/div>\n                    <\/div>\n                  <\/div>\n                  <div class=\"u-size-30\">\n                    <div class=\"u-layout-row\">\n                      <div class=\"u-align-left u-container-style u-layout-cell u-size-30 u-layout-cell-4\">\n                        <div class=\"u-container-layout u-valign-top u-container-layout-4\">\n                          <p class=\"u-text u-text-3\">Une formation sur un produit Apple ou un th\u00e8me particulier, suivant votre besoin, votre exp\u00e9rience et \u00e0 votre rythme. Personnalis\u00e9e et adapt\u00e9e \u00e0 votre besoin avec un support final r\u00e9sumant la formation.<\/p>\n                        <\/div>\n                      <\/div>\n                      <div class=\"u-align-left u-container-style u-grey-10 u-layout-cell u-radius u-right-cell u-shape-round u-size-30 u-layout-cell-5\">\n                        <div class=\"u-container-layout u-valign-top u-container-layout-5\">\n                          <p class=\"u-text u-text-4\">Un atelier, parce que la pratique est importante et que vous apprendrez plus vite. Cela vous permettra \u00e9galement d'approfondir vos comp\u00e9tences et de mieux appr\u00e9hender les outils qui vous entourent.<\/p>\n                        <\/div>\n                      <\/div>\n                    <\/div>\n                  <\/div>\n                <\/div>\n              <\/div>\n            <\/div>\n          <\/div>\n        <\/div>\n      <\/div>\n    <\/section>\n    <section class=\"u-clearfix u-grey-80 u-section-4\" id=\"carousel_9c5e\">\n      <div class=\"u-clearfix u-sheet u-sheet-1\">\n        <div class=\"data-layout-selected u-clearfix u-expanded-width u-gutter-10 u-layout-wrap u-layout-wrap-1\">\n          <div class=\"u-layout\" style=\"\">\n            <div class=\"u-layout-row\" style=\"\">\n              <div class=\"u-size-30 u-size-60-md\">\n                <div class=\"u-layout-col\">\n                  <div class=\"u-container-style u-image u-image-round u-layout-cell u-left-cell u-radius u-size-60 u-image-1\" src=\"\" data-image-width=\"1280\" data-image-height=\"854\" style=\"background-image: url(&quot;https:\/\/personal-it.ch\/wp-content\/uploads\/2025\/12\/afb340f3ed845eb392a2eb56d297f870df0ab6226eadf21b8ee572e2e5403dcd1adc4a09fea6329ea972e2ebcc9f70036281da4da7f6851e768d26_1280.jpg&quot;);\">\n                    <div class=\"u-container-layout u-valign-middle u-container-layout-1\"><\/div>\n                  <\/div>\n                <\/div>\n              <\/div>\n              <div class=\"u-size-30 u-size-60-md\" style=\"\">\n                <div class=\"u-layout-col\" style=\"\">\n                  <div class=\"u-size-30\">\n                    <div class=\"u-layout-row\">\n                      <div class=\"u-align-left u-container-style u-layout-cell u-size-30 u-layout-cell-2\">\n                        <div class=\"u-container-layout u-valign-top u-container-layout-2\">\n                          <h3 class=\"u-text u-text-1\">Gestions de vos \u00e9quipements  informatiques et r\u00e9seaux<\/h3>\n                        <\/div>\n                      <\/div>\n                      <div class=\"u-align-left u-container-style u-layout-cell u-right-cell u-size-30 u-layout-cell-3\">\n                        <div class=\"u-container-layout u-valign-top u-container-layout-3\">\n                          <p class=\"u-text u-text-2\">Pour les entreprises, pour les acteurs ddns l'\u00c9ducation et pour les particuliers, profitez d\u00e8s maintenant de notre exp\u00e9rience de plus de 10 ans dans les domaines de la gestion d'appareils et d'infrastructures.<\/p>\n                        <\/div>\n                      <\/div>\n                    <\/div>\n                  <\/div>\n                  <div class=\"u-size-30\" style=\"\">\n                    <div class=\"u-layout-row\" style=\"\">\n                      <div class=\"u-align-left u-container-style u-layout-cell u-size-30 u-layout-cell-4\">\n                        <div class=\"u-container-layout u-valign-top u-container-layout-4\">\n                          <p class=\"u-text u-text-3\"> Un r\u00e9seau fiable, rapide et s\u00e9curis\u00e9 est une fondation n\u00e9cessaire pour que vos \u00e9quipements puissent fonctionner de fa\u00e7on optimale via des outils comme Meraki, Ubiquiti, HP, Cisco, Fortinet\u2026 Notre approche est sans limites, maitris\u00e9e et en ad\u00e9quation avec votre besoin.<\/p>\n                        <\/div>\n                      <\/div>\n                      <div class=\"u-align-left u-container-style u-grey-10 u-layout-cell u-radius u-right-cell u-shape-round u-size-30 u-layout-cell-5\">\n                        <div class=\"u-container-layout u-valign-top u-container-layout-5\">\n                          <p class=\"u-text u-text-4\"> Expert dans la gestion des appareils Apple via MDM (Mobile Devices Management : Jamf, Intune, AirWatch\u2026). Notre savoir-faire vous permettra d'avoir une vue globale, simple, modulable et s\u00e9curis\u00e9e de tous vos \u00e9quipements, peu importe o\u00f9 vous \u00eates. Votre exp\u00e9rience Apple n'en sera que meilleure.<\/p>\n                        <\/div>\n                      <\/div>\n                    <\/div>\n                  <\/div>\n                <\/div>\n              <\/div>\n            <\/div>\n          <\/div>\n        <\/div>\n      <\/div>\n    <\/section>\n    <section class=\"u-clearfix u-white u-section-5\" id=\"carousel_c080\">\n      <div class=\"u-clearfix u-sheet u-sheet-1\">\n        <div class=\"data-layout-selected u-clearfix u-expanded-width u-gutter-10 u-layout-wrap u-layout-wrap-1\">\n          <div class=\"u-layout\">\n            <div class=\"u-layout-row\">\n              <div class=\"u-size-30 u-size-60-md\">\n                <div class=\"u-layout-col\">\n                  <div class=\"u-container-style u-image u-image-round u-layout-cell u-left-cell u-radius u-size-60 u-image-1\" src=\"\" data-image-width=\"1280\" data-image-height=\"853\" style=\"background-image: url(&quot;https:\/\/personal-it.ch\/wp-content\/uploads\/2025\/12\/gd7043af248ad0b74cfc713c15ca2ab5c4aa54f42eac035c605ef669a3afd00173e6b9d9a7ab56a4dc370e2bf9aa6a54e_1280.jpg&quot;);\">\n                    <div class=\"u-container-layout u-valign-middle u-container-layout-1\"><\/div>\n                  <\/div>\n                <\/div>\n              <\/div>\n              <div class=\"u-size-30 u-size-60-md\">\n                <div class=\"u-layout-col\">\n                  <div class=\"u-size-30\">\n                    <div class=\"u-layout-row\">\n                      <div class=\"u-align-left u-container-style u-layout-cell u-size-30 u-layout-cell-2\">\n                        <div class=\"u-container-layout u-valign-top u-container-layout-2\">\n                          <h3 class=\"u-text u-text-1\">Un support informatique \u00e0 distance et&nbsp;\u200bsur site<\/h3>\n                        <\/div>\n                      <\/div>\n                      <div class=\"u-align-left u-container-style u-layout-cell u-right-cell u-size-30 u-layout-cell-3\">\n                        <div class=\"u-container-layout u-valign-top u-container-layout-3\">\n                          <p class=\"u-text u-text-2\"> Une aide, c'est primordial. Que celle-ci soit ponctuelle ou permanente, suite \u00e0 un projet r\u00e9alis\u00e9 ou dans la continuit\u00e9 d'un service mis en production, nous serons toujours l\u00e0 pour vous accompagner, m\u00eame apr\u00e8s vos projets.<\/p>\n                        <\/div>\n                      <\/div>\n                    <\/div>\n                  <\/div>\n                  <div class=\"u-size-30\">\n                    <div class=\"u-layout-row\">\n                      <div class=\"u-align-left u-container-style u-layout-cell u-size-30 u-layout-cell-4\">\n                        <div class=\"u-container-layout u-container-layout-4\">\n                          <p class=\"u-text u-text-3\">Sur site, pour vous aider ou aider vos \u00e9quipes \u00e0 r\u00e9pondre \u00e0 des questions, des interrogations ou des probl\u00e8mes complexes.<\/p>\n                        <\/div>\n                      <\/div>\n                      <div class=\"u-align-left u-container-style u-grey-10 u-layout-cell u-radius u-right-cell u-shape-round u-size-30 u-layout-cell-5\">\n                        <div class=\"u-container-layout u-valign-top u-container-layout-5\">\n                          <p class=\"u-text u-text-4\">\u00c0 distance, car c'est plus simple, plus rapide et que parfois, le besoin est tellement urgent que celui-ci ne peut pas attendre.&nbsp;<\/p>\n                        <\/div>\n                      <\/div>\n                    <\/div>\n                  <\/div>\n                <\/div>\n              <\/div>\n            <\/div>\n          <\/div>\n        <\/div>\n      <\/div>\n    <\/section>\n    \n    \n    \n    \n  \n","protected":false},"excerpt":{"rendered":"<p>L&rsquo;informatique, suivant vos besoins Des conseilspersonnalis\u00e9s et sans engagement Une question, une id\u00e9e, un doute, nous sommes l\u00e0 vous aider et sans engagement de votre part. R\u00e9pondre \u00e0 une question ne co\u00fbte rien et aide beaucoup, c&rsquo;est l\u00e0 notre priorit\u00e9. Une interrogation ou une crainte avant un achat ou une action, c&rsquo;est normal. Le prix &hellip; <a href=\"https:\/\/personal-it.ch\/index.php\/services\/\" class=\"more-link\">Continue reading<span class=\"screen-reader-text\"> \u00ab\u00a0Services\u00a0\u00bb<\/span><\/a><\/p>\n","protected":false},"author":1,"featured_media":0,"parent":0,"menu_order":6,"comment_status":"closed","ping_status":"closed","template":"","meta":{"footnotes":""},"class_list":["post-64","page","type-page","status-publish","hentry"],"_links":{"self":[{"href":"https:\/\/personal-it.ch\/index.php\/wp-json\/wp\/v2\/pages\/64","targetHints":{"allow":["GET"]}}],"collection":[{"href":"https:\/\/personal-it.ch\/index.php\/wp-json\/wp\/v2\/pages"}],"about":[{"href":"https:\/\/personal-it.ch\/index.php\/wp-json\/wp\/v2\/types\/page"}],"author":[{"embeddable":true,"href":"https:\/\/personal-it.ch\/index.php\/wp-json\/wp\/v2\/users\/1"}],"replies":[{"embeddable":true,"href":"https:\/\/personal-it.ch\/index.php\/wp-json\/wp\/v2\/comments?post=64"}],"version-history":[{"count":1,"href":"https:\/\/personal-it.ch\/index.php\/wp-json\/wp\/v2\/pages\/64\/revisions"}],"predecessor-version":[{"id":78,"href":"https:\/\/personal-it.ch\/index.php\/wp-json\/wp\/v2\/pages\/64\/revisions\/78"}],"wp:attachment":[{"href":"https:\/\/personal-it.ch\/index.php\/wp-json\/wp\/v2\/media?parent=64"}],"curies":[{"name":"wp","href":"https:\/\/api.w.org\/{rel}","templated":true}]}}