{"id":65,"date":"2025-12-19T08:27:21","date_gmt":"2025-12-19T07:27:21","guid":{"rendered":"http:\/\/192.168.1.244\/index.php\/particuliers-2\/"},"modified":"2025-12-19T08:27:24","modified_gmt":"2025-12-19T07:27:24","slug":"particuliers-2","status":"publish","type":"page","link":"https:\/\/personal-it.ch\/index.php\/particuliers-2\/","title":{"rendered":"Particuliers"},"content":{"rendered":"\n  \n    <section class=\"u-clearfix u-image u-shading u-section-1\" id=\"sec-e699\" data-image-width=\"1600\" data-image-height=\"900\" style=\"background-image: linear-gradient(0deg, rgba(0, 0, 0, 0.4), rgba(0, 0, 0, 0.4)), url(&quot;https:\/\/personal-it.ch\/wp-content\/uploads\/2025\/12\/particuliers.jpg&quot;);\">\n      <div class=\"u-clearfix u-sheet u-valign-middle u-sheet-1\">\n        <h1 class=\"u-align-center u-text u-text-default u-text-1\"> L'informatique,<br>pour les Particuliers\n        <\/h1>\n      <\/div>\n    <\/section>\n    <section class=\"u-clearfix u-palette-5-light-2 u-section-2\" id=\"carousel_d338\">\n      <div class=\"u-expanded-width u-shape u-shape-rectangle u-white u-shape-1\"><\/div>\n      <div class=\"data-layout-selected u-clearfix u-gutter-26 u-layout-wrap u-layout-wrap-1\">\n        <div class=\"u-layout\">\n          <div class=\"u-layout-row\">\n            <div class=\"u-size-15 u-size-30-md\">\n              <div class=\"u-layout-col\">\n                <div class=\"u-container-style u-hidden-sm u-hidden-xs u-layout-cell u-size-20 u-layout-cell-1\">\n                  <div class=\"u-container-layout u-container-layout-1\"><\/div>\n                <\/div>\n                <div class=\"u-align-center u-container-style u-layout-cell u-palette-1-base u-shape-rectangle u-size-40 u-layout-cell-2\" data-animation-name=\"\" data-animation-duration=\"0\" data-animation-delay=\"0\" data-animation-direction=\"\">\n                  <div class=\"u-container-layout u-container-layout-2\"><span class=\"u-file-icon u-icon u-icon-circle u-text-palette-1-base u-white u-icon-1\" data-animation-name=\"\" data-animation-duration=\"0\" data-animation-delay=\"0\" data-animation-direction=\"\"><img decoding=\"async\" src=\"https:\/\/personal-it.ch\/wp-content\/uploads\/2025\/12\/ec83a0e8.png\" alt=\"\"><\/span>\n                    <h5 class=\"u-custom-font u-font-lato u-text u-text-1\">Formation et atelier<\/h5>\n                    <p class=\"u-text u-text-2\"> Investir dans des produits Apple, c\u2019est s\u2019assurer un investissement dans la simplicit\u00e9 d\u2019utilisation et offrent une dur\u00e9e de vie sans \u00e9gal, qui augmente la productivit\u00e9, facilite l'autonomie, la prise en main et disposant d'une s\u00e9curit\u00e9 sans \u00e9gal. L'important est donc la maitrise de ces outils afin que leurs utilisations soient comprises et maitris\u00e9es. Via une formation ou un atelier, seul ou \u00e0 plusieurs, cela vous permettra une meilleure compr\u00e9hension globale de ce qui nous entoure. Quelques petites astuces vous permettront d'effectuer des t\u00e2ches simples, mais efficaces. Petit \u00e0 petit, ces outils vous apporteront une r\u00e9elle plus-value et cesseront de vous emb\u00eater par leur incompr\u00e9hension.<\/p>\n                  <\/div>\n                <\/div>\n              <\/div>\n            <\/div>\n            <div class=\"u-size-15 u-size-30-md\">\n              <div class=\"u-layout-col\">\n                <div class=\"u-align-center u-container-style u-layout-cell u-size-40 u-white u-layout-cell-3\">\n                  <div class=\"u-container-layout u-container-layout-3\"><span class=\"u-file-icon u-icon u-icon-circle u-palette-1-base u-text-white u-icon-2\"><img decoding=\"async\" src=\"https:\/\/personal-it.ch\/wp-content\/uploads\/2025\/12\/1f2f3ae0.png\" alt=\"\"><\/span>\n                    <h5 class=\"u-custom-font u-font-montserrat u-text u-text-palette-1-base u-text-3\">Support IT<\/h5>\n                    <p class=\"u-text u-text-palette-5-dark-2 u-text-4\" data-animation-name=\"\" data-animation-duration=\"0\" data-animation-delay=\"0\" data-animation-direction=\"\"> Une question ou ne incompr\u00e9hension ? Notre savoir-faire et savoir-\u00eatre dans ce domaine vous permettra de r\u00e9soudre en un temps record vos probl\u00e8mes, d'effacer vos doutes et d'\u00eatre plus serein. Via des conseils personnalis\u00e9s, notre aide vous sera primordiale et vous permettra de vous concentrer sur d'autres t\u00e2ches. Suivant votre besoin, l'urgence, nous pouvons intervenir \u00e0 distance ou bien directement chez vous, pour un accompagnement personnalis\u00e9. Cette aide peut \u00eatre ponctuelle ou bien permanente. Elle peut \u00e9galement \u00eatre sans engagement, car une question sur un probl\u00e8me ou avant un achat et le prix d'une prestation ne doit donc pas \u00eatre un frein \u00e0 cela.<br>\n                    <\/p>\n                  <\/div>\n                <\/div>\n                <div class=\"u-container-style u-hidden-sm u-hidden-xs u-layout-cell u-size-20 u-layout-cell-4\">\n                  <div class=\"u-container-layout u-container-layout-4\"><\/div>\n                <\/div>\n              <\/div>\n            <\/div>\n            <div class=\"u-size-15 u-size-30-md\">\n              <div class=\"u-layout-col\">\n                <div class=\"u-container-style u-hidden-sm u-hidden-xs u-layout-cell u-size-20 u-layout-cell-5\">\n                  <div class=\"u-container-layout u-container-layout-5\"><\/div>\n                <\/div>\n                <div class=\"u-align-center u-container-style u-layout-cell u-palette-1-base u-size-40 u-layout-cell-6\">\n                  <div class=\"u-container-layout u-container-layout-6\"><span class=\"u-file-icon u-icon u-icon-circle u-text-palette-1-base u-white u-icon-3\"><img decoding=\"async\" src=\"https:\/\/personal-it.ch\/wp-content\/uploads\/2025\/12\/444fb275.png\" alt=\"\"><\/span>\n                    <h5 class=\"u-custom-font u-font-montserrat u-text u-text-5\"> Gestion centralis\u00e9e<\/h5>\n                    <p class=\"u-text u-text-6\"> De la gestion de vos appareils (migration de donn\u00e9es, configuration, mise \u00e0 jour, \u00e9volution, maintenance, etc.), \u00e0 l'aide de l'aide \u00e0 la configuration, &nbsp; nous serons l\u00e0 pour vous accompagner et vous conseiller. De nos jours, la maintenance de ces \u00e9quipements de nos jours devient un gageur avec les probl\u00e8mes de s\u00e9curit\u00e9s que nous pouvons rencontrer au quotidien. Vous comprendrez \u00e9galement pourquoi une meilleure synergie de vos \u00e9quipements vous permettre d^\u00eatre plus rapide et efficace dans certaines t\u00e2ches et d'oublier comme il est simple de passer d'un appareil \u00e0 un autre. Notre but : am\u00e9liorer votre exp\u00e9rience et votre autonomie sur ces outils.<\/p>\n                  <\/div>\n                <\/div>\n              <\/div>\n            <\/div>\n            <div class=\"u-size-15 u-size-30-md\">\n              <div class=\"u-layout-col\">\n                <div class=\"u-align-center u-container-style u-layout-cell u-size-40 u-white u-layout-cell-7\">\n                  <div class=\"u-container-layout u-container-layout-7\"><span class=\"u-file-icon u-icon u-icon-circle u-palette-1-base u-text-white u-icon-4\"><img decoding=\"async\" src=\"https:\/\/personal-it.ch\/wp-content\/uploads\/2025\/12\/889fbedc.png\" alt=\"\"><\/span>\n                    <h5 class=\"u-custom-font u-font-montserrat u-text u-text-palette-1-base u-text-7\">Gestion r\u00e9seau<\/h5>\n                    <p class=\"u-text u-text-palette-5-dark-2 u-text-8\"> Alors que nous sommes de plus en plus interconnect\u00e9es et ax\u00e9es sur la technologie, la base commune pour que vos \u00e9quipements fonctionnent est&nbsp;votre r\u00e9seau. En effet, sans une infrastructure appropri\u00e9e fiable et s\u00e9curis\u00e9e, m\u00eame le meilleur mat\u00e9riel ne fonctionnera pas et votre exp\u00e9rience ne sera pas satisfaisante et pas \u00e0 la hauteur de vos esp\u00e9rances et des investissements r\u00e9alis\u00e9s. Notre analyse et exp\u00e9rience permettent de d\u00e9couvrir les faiblesses et les vuln\u00e9rabilit\u00e9s en examinant votre mat\u00e9riel informatique, vos logiciels, votre r\u00e9seau et vos syst\u00e8mes de s\u00e9curit\u00e9 afin de s'assurer que votre environnement soit adapt\u00e9 \u00e0 votre besoin et s\u00e9curiser.<\/p>\n                  <\/div>\n                <\/div>\n                <div class=\"u-container-style u-hidden-sm u-hidden-xs u-layout-cell u-shape-rectangle u-size-20 u-layout-cell-8\">\n                  <div class=\"u-container-layout u-container-layout-8\"><\/div>\n                <\/div>\n              <\/div>\n            <\/div>\n          <\/div>\n        <\/div>\n      <\/div>\n      <a href=\"http:\/\/192.168.1.244\/index.php\/contact\/\" class=\"u-align-center u-btn u-btn-round u-button-style u-radius u-btn-1\" target=\"_blank\">Contactez-nous\u2026 <\/a>\n    <\/section>\n    \n    \n    \n    \n  \n","protected":false},"excerpt":{"rendered":"<p>L&rsquo;informatique,pour les Particuliers Formation et atelier Investir dans des produits Apple, c\u2019est s\u2019assurer un investissement dans la simplicit\u00e9 d\u2019utilisation et offrent une dur\u00e9e de vie sans \u00e9gal, qui augmente la productivit\u00e9, facilite l&rsquo;autonomie, la prise en main et disposant d&rsquo;une s\u00e9curit\u00e9 sans \u00e9gal. L&rsquo;important est donc la maitrise de ces outils afin que leurs utilisations &hellip; <a href=\"https:\/\/personal-it.ch\/index.php\/particuliers-2\/\" class=\"more-link\">Continue reading<span class=\"screen-reader-text\"> \u00ab\u00a0Particuliers\u00a0\u00bb<\/span><\/a><\/p>\n","protected":false},"author":1,"featured_media":0,"parent":0,"menu_order":7,"comment_status":"closed","ping_status":"closed","template":"","meta":{"footnotes":""},"class_list":["post-65","page","type-page","status-publish","hentry"],"_links":{"self":[{"href":"https:\/\/personal-it.ch\/index.php\/wp-json\/wp\/v2\/pages\/65","targetHints":{"allow":["GET"]}}],"collection":[{"href":"https:\/\/personal-it.ch\/index.php\/wp-json\/wp\/v2\/pages"}],"about":[{"href":"https:\/\/personal-it.ch\/index.php\/wp-json\/wp\/v2\/types\/page"}],"author":[{"embeddable":true,"href":"https:\/\/personal-it.ch\/index.php\/wp-json\/wp\/v2\/users\/1"}],"replies":[{"embeddable":true,"href":"https:\/\/personal-it.ch\/index.php\/wp-json\/wp\/v2\/comments?post=65"}],"version-history":[{"count":1,"href":"https:\/\/personal-it.ch\/index.php\/wp-json\/wp\/v2\/pages\/65\/revisions"}],"predecessor-version":[{"id":79,"href":"https:\/\/personal-it.ch\/index.php\/wp-json\/wp\/v2\/pages\/65\/revisions\/79"}],"wp:attachment":[{"href":"https:\/\/personal-it.ch\/index.php\/wp-json\/wp\/v2\/media?parent=65"}],"curies":[{"name":"wp","href":"https:\/\/api.w.org\/{rel}","templated":true}]}}