{"id":66,"date":"2025-12-19T08:27:22","date_gmt":"2025-12-19T07:27:22","guid":{"rendered":"http:\/\/192.168.1.244\/index.php\/tarifs\/"},"modified":"2026-02-28T13:53:22","modified_gmt":"2026-02-28T12:53:22","slug":"tarifs","status":"publish","type":"page","link":"https:\/\/personal-it.ch\/index.php\/tarifs\/","title":{"rendered":"Tarifs"},"content":{"rendered":"\n    \n    <section class=\"u-align-center u-clearfix u-image u-shading u-section-2\" id=\"sec-96d5\" data-image-width=\"1920\" data-image-height=\"992\" style=\"background-image: linear-gradient(0deg, rgba(0, 0, 0, 0.5), rgba(0, 0, 0, 0.5)), url(&quot;https:\/\/personal-it.ch\/wp-content\/uploads\/2025\/12\/fdrt-min.jpg&quot;);\">\n      <div class=\"u-clearfix u-sheet u-sheet-1\">\n        <h1 class=\"u-text u-text-1\">Prestations<\/h1>\n        <p class=\"u-text u-text-2\">Les tarifs des prestations sont calcul\u00e9s sur la base de 30 minutes<\/p>\n        <h6 class=\"u-align-left u-text u-text-3\">Pour une facturation plus transparente :<\/h6>\n        <ul class=\"u-align-left u-text u-text-4\">\n          <li> Le conseil par t\u00e9l\u00e9phone n'est pas factur\u00e9 <\/li>\n          <li> Chaque formule peut \u00eatre individuelle ou group\u00e9e<\/li>\n          <li> En cas de prestation group\u00e9e, le tarif sera pond\u00e9r\u00e9 en fonction du temps pass\u00e9 sur chaque prestation <\/li>\n          <li> La premi\u00e8re tranche de 30 minutes est factur\u00e9e, m\u00eame si non \u00e9coul\u00e9e <\/li>\n          <li> Une fois la premi\u00e8re tranche de 30 minutes termin\u00e9s, la facturation s'effectue par tranche de 15 minutes <\/li>\n          <li> Une tranche de 15 minutes n'est factur\u00e9 que si celle-ci est \u00e9coul\u00e9e <\/li>\n          <li> Le tarif final inclut le d\u00e9placement dans un rayon de 30km depuis le si\u00e8ge social, ensuite 2 CHF par 10km <\/li>\n        <\/ul>\n        <a href=\"http:\/\/192.168.1.244\/index.php\/contact\/\" class=\"u-btn u-btn-round u-button-style u-hover-palette-1-dark-1 u-palette-1-base u-radius u-btn-1\">Contactez-nous\u2026 <\/a>\n      <\/div>\n    <\/section>\n    \n    \n    \n  \n","protected":false},"excerpt":{"rendered":"<p>Prestations Les tarifs des prestations sont calcul\u00e9s sur la base de 30 minutes Pour une facturation plus transparente : Le conseil par t\u00e9l\u00e9phone n&rsquo;est pas factur\u00e9 Chaque formule peut \u00eatre individuelle ou group\u00e9e En cas de prestation group\u00e9e, le tarif sera pond\u00e9r\u00e9 en fonction du temps pass\u00e9 sur chaque prestation La premi\u00e8re tranche de 30 &hellip; <a href=\"https:\/\/personal-it.ch\/index.php\/tarifs\/\" class=\"more-link\">Continue reading<span class=\"screen-reader-text\"> \u00ab\u00a0Tarifs\u00a0\u00bb<\/span><\/a><\/p>\n","protected":false},"author":1,"featured_media":0,"parent":0,"menu_order":8,"comment_status":"closed","ping_status":"closed","template":"","meta":{"footnotes":""},"class_list":["post-66","page","type-page","status-publish","hentry"],"_links":{"self":[{"href":"https:\/\/personal-it.ch\/index.php\/wp-json\/wp\/v2\/pages\/66","targetHints":{"allow":["GET"]}}],"collection":[{"href":"https:\/\/personal-it.ch\/index.php\/wp-json\/wp\/v2\/pages"}],"about":[{"href":"https:\/\/personal-it.ch\/index.php\/wp-json\/wp\/v2\/types\/page"}],"author":[{"embeddable":true,"href":"https:\/\/personal-it.ch\/index.php\/wp-json\/wp\/v2\/users\/1"}],"replies":[{"embeddable":true,"href":"https:\/\/personal-it.ch\/index.php\/wp-json\/wp\/v2\/comments?post=66"}],"version-history":[{"count":2,"href":"https:\/\/personal-it.ch\/index.php\/wp-json\/wp\/v2\/pages\/66\/revisions"}],"predecessor-version":[{"id":122,"href":"https:\/\/personal-it.ch\/index.php\/wp-json\/wp\/v2\/pages\/66\/revisions\/122"}],"wp:attachment":[{"href":"https:\/\/personal-it.ch\/index.php\/wp-json\/wp\/v2\/media?parent=66"}],"curies":[{"name":"wp","href":"https:\/\/api.w.org\/{rel}","templated":true}]}}